{"id":617,"date":"2021-04-22T06:32:22","date_gmt":"2021-04-22T06:32:22","guid":{"rendered":"https:\/\/www.mcvitiescanada.com\/notre-histoire\/"},"modified":"2021-05-04T13:14:15","modified_gmt":"2021-05-04T13:14:15","slug":"timeline","status":"publish","type":"page","link":"https:\/\/www.mcvitiescanada.com\/fr\/timeline\/","title":{"rendered":"Notre histoire"},"content":{"rendered":"\n<h1>\n\t\tNotre histoire\n\t<\/h1>\n<h2>\n\t\tLe go\u00fbt de la tradition\n\t<\/h2>\n\tNotre passion pour la confection de biscuits et craquelins de premi\u00e8re qualit\u00e9 est issue d&rsquo;une tradition vieille de plusieurs d\u00e9cennies.<br \/>\nAu cours des ann\u00e9es, nous avons compris que les bienfaits sont vraiment l\u00e0 pour rester. Constatez par vous-m\u00eame tout le chemin que nos g\u00e2teries savoureuses ont parcouru.\n\t<section class=\"ourstory innerpage-section\">\r\n      <div class=\"container-fluid\">\r\n        <div class=\"timeline-main\">\r\n          <div class=\"row\"><div class=\"col-sm-12 col-md-12 col-lg-12\">\r\n                <div class=\"timeline-badge\">\r\n                  <img decoding=\"async\" src=\"\/wp-content\/uploads\/2021\/04\/cookie-red-1.png\" alt=\"1839\">\r\n                <\/div>\r\n              <\/div>\r\n              <div class=\"col-sm-12 col-md-6 col-lg-6 wow fadeInLeft\">\r\n                <div class=\"content-box\">\r\n                  <h2 class=\"red ng-binding\">1839<\/h2>\r\n                  <p>L\u2019histoire de McVitie&rsquo;s d\u00e9bute avec l\u2019ouverture d\u2019une boutique de provisions par l\u2019apprenti-boulanger Robert McVitie et son p\u00e8re William \u00e0 \u00c9dimbourg, en \u00c9cosse. La popularit\u00e9 des produits de boulangerie de Robert fut telle que son p\u00e8re et lui ont d\u00fb ouvrir plusieurs nouvelles boutiques au fil des ans.<\/p>\n\r\n                <\/div>\r\n              <\/div>\r\n              <div class=\"col-sm-12 col-md-6 col-lg-6 wow fadeInRight\"><div class=\"event-image-main\">\r\n                    <img decoding=\"async\" src=\"https:\/\/www.mcvitiescanada.com\/wp-content\/uploads\/2021\/04\/history1.png\" alt=\"\">\r\n                  <\/div><\/div><div class=\"col-sm-12 col-md-12 col-lg-12\">\r\n                <div class=\"timeline-badge\">\r\n                  <img decoding=\"async\" src=\"\/wp-content\/uploads\/2021\/04\/cookie-red-1.png\" alt=\"1875\">\r\n                <\/div>\r\n              <\/div>\r\n              <div class=\"col-sm-12 col-md-6 col-lg-6 wow fadeInLeft\"><\/div>\r\n              <div class=\"col-sm-12 col-md-6 col-lg-6 wow fadeInRight\">\r\n                <div class=\"content-box\">\r\n                  <h2 class=\"red ng-binding\">1875<\/h2>\r\n                  <p>Charles Price se joignit \u00e0 l\u2019\u00e9quipe et passa les 13 ann\u00e9es suivantes \u00e0 d\u00e9velopper la marque et b\u00e2tir sa renomm\u00e9e, sous l\u2019appellation McVitie &amp; Price. En 1888, la demande toujours grandissante for\u00e7a le duo \u00e0 ouvrir une plus grande usine \u00e0 \u00c9dimbourg.<\/p>\n\r\n                <\/div>\r\n              <\/div><div class=\"col-sm-12 col-md-12 col-lg-12\">\r\n                <div class=\"timeline-badge\">\r\n                  <img decoding=\"async\" src=\"\/wp-content\/uploads\/2021\/04\/cookie-red-1.png\" alt=\"1880\">\r\n                <\/div>\r\n              <\/div>\r\n              <div class=\"col-sm-12 col-md-6 col-lg-6 wow fadeInLeft\">\r\n                <div class=\"content-box\">\r\n                  <h2 class=\"red ng-binding\">1880<\/h2>\r\n                  <p>Robert McVitie d\u00e9c\u00e9da et c\u00e9da son entreprise \u00e0 son fils, Robert Junior. Afin de tirer profit de la popularit\u00e9 des biscuits, Robert Junior investit alors imm\u00e9diatement dans des boulangeries de plus grande superficie.<\/p>\n\r\n                <\/div>\r\n              <\/div>\r\n              <div class=\"col-sm-12 col-md-6 col-lg-6 wow fadeInRight\"><\/div><div class=\"col-sm-12 col-md-12 col-lg-12\">\r\n                <div class=\"timeline-badge\">\r\n                  <img decoding=\"async\" src=\"\/wp-content\/uploads\/2021\/04\/cookie-red-1.png\" alt=\"1892\">\r\n                <\/div>\r\n              <\/div>\r\n              <div class=\"col-sm-12 col-md-6 col-lg-6 wow fadeInLeft\"><div class=\"event-image-main left-img\">\r\n                    <img decoding=\"async\" src=\"https:\/\/www.mcvitiescanada.com\/wp-content\/uploads\/2021\/04\/history2.png\" alt=\"\">\r\n                  <\/div><\/div>\r\n              <div class=\"col-sm-12 col-md-6 col-lg-6 wow fadeInRight\">\r\n                <div class=\"content-box\">\r\n                  <h2 class=\"red ng-binding\">1892<\/h2>\r\n                  <p>Sir Alexander Grant de Forres \u00e9labora la recette des biscuits Digestifs, qui est toujours utilis\u00e9e de nos jours.<\/p>\n\r\n                <\/div>\r\n              <\/div><div class=\"col-sm-12 col-md-12 col-lg-12\">\r\n                <div class=\"timeline-badge\">\r\n                  <img decoding=\"async\" src=\"\/wp-content\/uploads\/2021\/04\/cookie-red-1.png\" alt=\"1893\">\r\n                <\/div>\r\n              <\/div>\r\n              <div class=\"col-sm-12 col-md-6 col-lg-6 wow fadeInLeft\">\r\n                <div class=\"content-box\">\r\n                  <h2 class=\"red ng-binding\">1893<\/h2>\r\n                  <p>En 1893, McVitie &amp; Price comprirent qu\u2019ils avaient m\u00eame des fans parmi la famille royale, lorsqu\u2019on leur demanda de pr\u00e9parer le g\u00e2teau de mariage de la Reine Mary et du Roi George V.<\/p>\n\r\n                <\/div>\r\n              <\/div>\r\n              <div class=\"col-sm-12 col-md-6 col-lg-6 wow fadeInRight\"><\/div><div class=\"col-sm-12 col-md-12 col-lg-12\">\r\n                <div class=\"timeline-badge\">\r\n                  <img decoding=\"async\" src=\"\/wp-content\/uploads\/2021\/04\/cookie-red-1.png\" alt=\"1925\">\r\n                <\/div>\r\n              <\/div>\r\n              <div class=\"col-sm-12 col-md-6 col-lg-6 wow fadeInLeft\"><div class=\"event-image-main left-img\">\r\n                    <img decoding=\"async\" src=\"https:\/\/www.mcvitiescanada.com\/wp-content\/uploads\/2021\/04\/digestive-milk-chocolate-main.jpg\" alt=\"\">\r\n                  <\/div><\/div>\r\n              <div class=\"col-sm-12 col-md-6 col-lg-6 wow fadeInRight\">\r\n                <div class=\"content-box\">\r\n                  <h2 class=\"red ng-binding\">1925<\/h2>\r\n                  <p>Par le biais de diverses exp\u00e9rimentations, McVitie&rsquo;s d\u00e9veloppa les biscuits Digestifs au chocolat McVitie&rsquo;s, qui sont toujours aussi populaires de nos jours.<\/p>\n\r\n                <\/div>\r\n              <\/div><div class=\"col-sm-12 col-md-12 col-lg-12\">\r\n                <div class=\"timeline-badge\">\r\n                  <img decoding=\"async\" src=\"\/wp-content\/uploads\/2021\/04\/cookie-red-1.png\" alt=\"1947\">\r\n                <\/div>\r\n              <\/div>\r\n              <div class=\"col-sm-12 col-md-6 col-lg-6 wow fadeInLeft\">\r\n                <div class=\"content-box\">\r\n                  <h2 class=\"red ng-binding\">1947<\/h2>\r\n                  <p>McVitie &amp; Price eurent l\u2019honneur de concevoir le g\u00e2teau de mariage de la Princesse Elizabeth et du Lieutenant Philip Mountbatten. Ledit g\u00e2teau faisait 2,5 m\u00e8tres de haut ! Vu le rationnement alimentaire d\u2019apr\u00e8s-guerre, les ingr\u00e9dients du g\u00e2teau furent envoy\u00e9s outre-mer \u00e0 titre de cadeaux de mariage et des morceaux de g\u00e2teau furent distribu\u00e9s aux enfants et dans les \u00e9coles.<\/p>\n\r\n                <\/div>\r\n              <\/div>\r\n              <div class=\"col-sm-12 col-md-6 col-lg-6 wow fadeInRight\"><div class=\"event-image-main\">\r\n                    <img decoding=\"async\" src=\"https:\/\/www.mcvitiescanada.com\/wp-content\/uploads\/2021\/04\/history3.png\" alt=\"\">\r\n                  <\/div><\/div><div class=\"col-sm-12 col-md-12 col-lg-12\">\r\n                <div class=\"timeline-badge\">\r\n                  <img decoding=\"async\" src=\"\/wp-content\/uploads\/2021\/04\/cookie-red-1.png\" alt=\"1948\">\r\n                <\/div>\r\n              <\/div>\r\n              <div class=\"col-sm-12 col-md-6 col-lg-6 wow fadeInLeft\"><\/div>\r\n              <div class=\"col-sm-12 col-md-6 col-lg-6 wow fadeInRight\">\r\n                <div class=\"content-box\">\r\n                  <h2 class=\"red ng-binding\">1948<\/h2>\r\n                  <p>MacFarlane Lang se joignit \u00e0 McVitie &amp; Price en vue de former United Biscuits, ce qui permit d\u2019ouvrir la premi\u00e8re usine enti\u00e8rement automatis\u00e9e \u2013 l\u2019usine London Harlesden.<\/p>\n\r\n                <\/div>\r\n              <\/div><div class=\"col-sm-12 col-md-12 col-lg-12\">\r\n                <div class=\"timeline-badge\">\r\n                  <img decoding=\"async\" src=\"\/wp-content\/uploads\/2021\/04\/cookie-red-1.png\" alt=\"1985\">\r\n                <\/div>\r\n              <\/div>\r\n              <div class=\"col-sm-12 col-md-6 col-lg-6 wow fadeInLeft\">\r\n                <div class=\"content-box\">\r\n                  <h2 class=\"red ng-binding\">1985<\/h2>\r\n                  <p>Les biscuits HobNobs virent le jour en 1985 et, \u00e0 la demande g\u00e9n\u00e9rale, la version chocolat\u00e9e du biscuit fut cr\u00e9\u00e9e 2 ans plus tard.<\/p>\n\r\n                <\/div>\r\n              <\/div>\r\n              <div class=\"col-sm-12 col-md-6 col-lg-6 wow fadeInRight\"><div class=\"event-image-main\">\r\n                    <img decoding=\"async\" src=\"https:\/\/www.mcvitiescanada.com\/wp-content\/uploads\/2021\/04\/hobnobs-original-1.jpg\" alt=\"\">\r\n                  <\/div><\/div><div class=\"col-sm-12 col-md-12 col-lg-12\">\r\n                <div class=\"timeline-badge\">\r\n                  <img decoding=\"async\" src=\"\/wp-content\/uploads\/2021\/04\/cookie-red-1.png\" alt=\"2002\">\r\n                <\/div>\r\n              <\/div>\r\n              <div class=\"col-sm-12 col-md-6 col-lg-6 wow fadeInLeft\"><div class=\"event-image-main left-img\">\r\n                    <img decoding=\"async\" src=\"https:\/\/www.mcvitiescanada.com\/wp-content\/uploads\/2021\/04\/history4.png\" alt=\"\">\r\n                  <\/div><\/div>\r\n              <div class=\"col-sm-12 col-md-6 col-lg-6 wow fadeInRight\">\r\n                <div class=\"content-box\">\r\n                  <h2 class=\"red ng-binding\">2002<\/h2>\r\n                  <p>Le 100e anniversaire de la compagnie fut c\u00e9l\u00e9br\u00e9 en grande pompe \u00e0 l\u2019usine McVitie&rsquo;s \u00e0 Harlesden, soit leur plus grande usine en Europe.<\/p>\n\r\n                <\/div>\r\n              <\/div><div class=\"col-sm-12 col-md-12 col-lg-12\">\r\n                <div class=\"timeline-badge\">\r\n                  <img decoding=\"async\" src=\"\/wp-content\/uploads\/2021\/04\/cookie-red-1.png\" alt=\"2009\">\r\n                <\/div>\r\n              <\/div>\r\n              <div class=\"col-sm-12 col-md-6 col-lg-6 wow fadeInLeft\">\r\n                <div class=\"content-box\">\r\n                  <h2 class=\"red ng-binding\">2009<\/h2>\r\n                  <p>Par le biais des marques vedettes Rich Tea et HobNob, McVitie&rsquo;s d\u00e9veloppa une cat\u00e9gorie de biscuits r\u00e9volutionnaire comprenant 50 % moins de gras satur\u00e9s.<\/p>\n\r\n                <\/div>\r\n              <\/div>\r\n              <div class=\"col-sm-12 col-md-6 col-lg-6 wow fadeInRight\"><\/div><div class=\"col-sm-12 col-md-12 col-lg-12\">\r\n                <div class=\"timeline-badge\">\r\n                  <img decoding=\"async\" src=\"\/wp-content\/uploads\/2021\/04\/cookie-red-1.png\" alt=\"2009\">\r\n                <\/div>\r\n              <\/div><\/div>\r\n        <\/div>\r\n      <\/div>\r\n    <\/section>\n<h2>\n\t\tContactez-nous\n\t<\/h2>\n\t\t\t\t<img loading=\"lazy\" decoding=\"async\" src=\"https:\/\/www.mcvitiescanada.com\/wp-content\/uploads\/2021\/04\/cookie-red.png\" alt=\"cookie-red\" itemprop=\"image\" height=\"62\" width=\"61\" title=\"cookie-red\" onerror=\"this.style.display='none'\"  \/>\n\t<p>Des questions au sujet des biscuits ou craquelins? Vos commentaires sont les bienvenus. Contactez United Biscuits d\u00e8s aujourd&rsquo;hui.<\/p>\n\tStar Brands Canada<br \/>\n<a href=\"mailto:nam.caffairs@pladisglobal.com\">nam.caffairs@pladisglobal.com<\/a>\n\t\t<link itemprop=\"url\" href=\"https:\/\/www.mcvitiescanada.com\"\/>\n\t\t<a itemprop=\"sameAs\" href=\"https:\/\/www.facebook.com\/McVities-Canada-1488975834458639\/\" target=\"_blank\" title=\"\" aria-label=\"\" role=\"button\" rel=\"noopener\">\n\t\t\t\t\t<\/a>\n\t\t<link itemprop=\"url\" href=\"https:\/\/www.mcvitiescanada.com\"\/>\n\t\t<a itemprop=\"sameAs\" href=\"https:\/\/www.pinterest.com\/mcvitiescanada\/\" target=\"_blank\" title=\"\" aria-label=\"\" role=\"button\" rel=\"noopener\">\n\t\t\t\t\t<\/a>\n\t\t<link itemprop=\"url\" href=\"https:\/\/www.mcvitiescanada.com\"\/>\n\t\t<a itemprop=\"sameAs\" href=\"https:\/\/www.instagram.com\/mcvitiescanada\/\" target=\"_blank\" title=\"\" aria-label=\"\" role=\"button\" rel=\"noopener\">\n\t\t\t\t\t<\/a>\n\t\t<link itemprop=\"url\" href=\"https:\/\/www.mcvitiescanada.com\"\/>\n\t\t<a itemprop=\"sameAs\" href=\"https:\/\/www.youtube.com\/channel\/UC8lVUvrQSCOHkQ_mNpJh-Sw\" target=\"_blank\" title=\"\" aria-label=\"\" role=\"button\" rel=\"noopener\">\n\t\t\t\t\t<\/a>\n\n","protected":false},"excerpt":{"rendered":"<p>Notre histoire Le go\u00fbt de la tradition Notre passion pour la confection de biscuits et craquelins de premi\u00e8re qualit\u00e9 est issue d&rsquo;une tradition vieille de plusieurs d\u00e9cennies. Au cours des ann\u00e9es, nous avons compris que les bienfaits sont vraiment l\u00e0 pour rester. Constatez par vous-m\u00eame tout le chemin que nos g\u00e2teries savoureuses ont parcouru. Contactez-nous&hellip;<\/p>\n","protected":false},"author":1,"featured_media":0,"parent":0,"menu_order":0,"comment_status":"closed","ping_status":"closed","template":"","meta":{"footnotes":""},"class_list":["post-617","page","type-page","status-publish","hentry"],"acf":[],"_links":{"self":[{"href":"https:\/\/www.mcvitiescanada.com\/fr\/wp-json\/wp\/v2\/pages\/617","targetHints":{"allow":["GET"]}}],"collection":[{"href":"https:\/\/www.mcvitiescanada.com\/fr\/wp-json\/wp\/v2\/pages"}],"about":[{"href":"https:\/\/www.mcvitiescanada.com\/fr\/wp-json\/wp\/v2\/types\/page"}],"author":[{"embeddable":true,"href":"https:\/\/www.mcvitiescanada.com\/fr\/wp-json\/wp\/v2\/users\/1"}],"replies":[{"embeddable":true,"href":"https:\/\/www.mcvitiescanada.com\/fr\/wp-json\/wp\/v2\/comments?post=617"}],"version-history":[{"count":0,"href":"https:\/\/www.mcvitiescanada.com\/fr\/wp-json\/wp\/v2\/pages\/617\/revisions"}],"wp:attachment":[{"href":"https:\/\/www.mcvitiescanada.com\/fr\/wp-json\/wp\/v2\/media?parent=617"}],"curies":[{"name":"wp","href":"https:\/\/api.w.org\/{rel}","templated":true}]}}