{"id":616,"date":"2021-04-26T11:41:44","date_gmt":"2021-04-26T11:41:44","guid":{"rendered":"https:\/\/www.mcvitiescanada.com\/privacy-policy\/"},"modified":"2021-04-30T08:34:18","modified_gmt":"2021-04-30T08:34:18","slug":"privacy-policy","status":"publish","type":"page","link":"https:\/\/www.mcvitiescanada.com\/fr\/privacy-policy\/","title":{"rendered":"Politique de confidentialit\u00e9"},"content":{"rendered":"\n<h1>\n\t\tPolitique de confidentialit\u00e9\n\t<\/h1>\n\t\t\t<a href=\"mailto:Canada.Sales@treeoflife.com\" target=\"_self\" role=\"button\" rel=\"noopener\">\n\t\t\t\t\t\t\tDes questions? Envoyez-nous un courriel\n\t\t\t\t\t<\/a>\n<h2>\n\t\tPOLITIQUE DE CONFIDENTIALIT\u00c9\n\t<\/h2>\n\t<p>Ce site web appartient et est exploit\u00e9 par United Biscuits. Nous avons \u00e0 c\u0153ur le respect de la vie priv\u00e9e de nos visiteurs et mettons tout en \u0153uvre pour assurer la protection de vos renseignements personnels. N&rsquo;h\u00e9sitez pas \u00e0 communiquer avec nous pour toutes questions ou inqui\u00e9tudes au sujet de notre politique de confidentialit\u00e9.<\/p>\n<h2>\n\t\tNOTRE POLITIQUE\n\t<\/h2>\n\t<p>De mani\u00e8re g\u00e9n\u00e9rale, aucun renseignement personnel n&rsquo;est recueilli des visiteurs de nos sites web sans qu&rsquo;ils ne nous le fournissent volontairement et en toute connaissance de cause. Toutefois, comme c&rsquo;est le cas avec la plupart des sites, certains renseignements non-personnels sur nos visiteurs sont recueillis par nos serveurs (technologie \u00ab t\u00e9moins \u00bb ou \u00ab cookies \u00bb). De tels renseignements sont utilis\u00e9s dans le but d&rsquo;am\u00e9liorer l&rsquo;exp\u00e9rience web et peut comprendre :<\/p>\n<ul>\n<li>Le nom du fournisseur de services Internet \u00e0 partir duquel vous acc\u00e9dez \u00e0 Internet.<\/li>\n<li>La date et l&rsquo;heure \u00e0 laquelle vous avez visit\u00e9 le site web.<\/li>\n<li>L&rsquo;adresse Internet du site web qui vous a dirig\u00e9 vers notre site web et les autres sites visit\u00e9s apr\u00e8s avoir quitt\u00e9 le n\u00f4tre.<\/li>\n<\/ul>\n<p>Ces renseignements servent \u00e9galement \u00e0 mesurer et surveiller l&rsquo;activit\u00e9 de notre site web et d&rsquo;en am\u00e9liorer le contenu. La technologie \u00ab t\u00e9moins \u00bb ou \u00ab cookies \u00bb ne vous identifie pas personnellement ou n&rsquo;extraie aucun renseignement de votre ordinateur. Les donn\u00e9es pouvant vous identifier personnellement sont connues seulement si vous les avez soumises volontairement.<\/p>\n<p>Les renseignements volontaires que vous nous avez fournis servent \u00e0 am\u00e9liorer nos normes en mati\u00e8re de service \u00e0 la client\u00e8le et\/ou fournir les renseignements demand\u00e9s. Les renseignements recueillis sur le site web sont utilis\u00e9s pour notre usage interne seulement. Nous ne partageons aucun renseignement confidentiel avec de tierces parties ne travaillant pas chez United Biscuits.<\/p>\n<h2>\n\t\tPOLITIQUE JURIDIQUE EN LIGNE\n\t<\/h2>\n\t<p>Le pr\u00e9sent site web a \u00e9t\u00e9 cr\u00e9\u00e9 en vue d&rsquo;\u00eatre informatif. Par cons\u00e9quent, nous vous permettons de t\u00e9l\u00e9charger ou copier le contenu du site \u00e0 des fins personnelles et non-commerciales. Tout contenu ou graphique extrait de ce site doit afficher de fa\u00e7on \u00e9vidente le droit d&rsquo;auteur et tout autre avis de propri\u00e9t\u00e9.<\/p>\n<h2>\n\t\tMODALIT\u00c9S ET CONDITIONS\n\t<\/h2>\n\tLe pr\u00e9sent site web est la propri\u00e9t\u00e9 d&rsquo;United Biscuits. Toute image, graphique, \u00e9l\u00e9ment multim\u00e9dia ou contenu est prot\u00e9g\u00e9 par le droit d&rsquo;auteur d&rsquo;United Biscuits et peut seulement \u00eatre utilis\u00e9 aux fins d\u00e9crites dans les pr\u00e9sentes modalit\u00e9s et conditions.<br \/>\nDe plus, le pr\u00e9sent site contient des noms, logos, marques de commerce, marques de service et autres propri\u00e9t\u00e9s intellectuelles appartenant \u00e9galement \u00e0 United Biscuits et ne pouvant en aucun cas \u00eatre utilis\u00e9s sans le consentement \u00e9crit expr\u00e8s d&rsquo;United Biscuits.\n<h2>\n\t\tLIENS\n\t<\/h2>\n\t<p>United Biscuits peut fournir des liens vers d&rsquo;autres sites web. Malheureusement, le contenu de la plupart de ces sites est g\u00e9r\u00e9 par des tiers autres qu&rsquo;United Biscuits. Par cons\u00e9quent, nous ne pouvons \u00eatre tenus responsables du contenu ni ne cautionnons le mat\u00e9riel pr\u00e9sent\u00e9 sur des sites web n&rsquo;appartenant pas et n&rsquo;\u00e9tant g\u00e9r\u00e9s par United Biscuits.<\/p>\n<h2>\n\t\tDIVERS\n\t<\/h2>\n\tLes modalit\u00e9s et conditions \u00e9nonc\u00e9es dans la pr\u00e9sente politique de confidentialit\u00e9 sont r\u00e9gies et interpr\u00e9t\u00e9es en vertu des lois en vigueur dans la province de l&rsquo;Ontario, abstraction faite des dispositions sur les conflits des lois.<br \/>\nSi l&rsquo;une des dispositions de cet accord est ill\u00e9gale, nulle ou non-applicable, les autres dispositions contenues dans celui-ci continueront d&rsquo;\u00eatre pleinement valides et applicables.\n<p>TCet \u00e9nonc\u00e9 constitue l&rsquo;accord entier entre les parties concernant toutes les questions qui y sont abord\u00e9es.<\/p>\n<p>Conform\u00e9ment \u00e0 la loi, les pr\u00e9sentes modalit\u00e9s et conditions peuvent faire l&rsquo;objet de modifications en tout temps. Vous devrez respecter de telles r\u00e9visions et devrez, par cons\u00e9quent, consulter p\u00e9riodiquement cette section afin de revoir les modalit\u00e9s et conditions en vigueur et auxquelles vous \u00eates li\u00e9s. Toutefois, nous croyons qu&rsquo;il est beaucoup plus amusant de consulter p\u00e9riodiquement notre site corporatif \u00e9volutif. Les renseignements disponibles sur le site web :\u00a0<a href=\"http:\/\/www.unitedbiscuits.com\/\" target=\"_blank\" rel=\"noopener\">UnitedBiscuits.com<\/a>\u00a0vous tiendront inform\u00e9s au sujet de notre compagnie et nos services.<\/p>\n<h2>\n\t\tContact  Us\n\t<\/h2>\n\t\t\t\t<img loading=\"lazy\" decoding=\"async\" src=\"https:\/\/www.mcvitiescanada.com\/wp-content\/uploads\/2021\/04\/cookie-red.png\" alt=\"cookie-red\" itemprop=\"image\" height=\"62\" width=\"61\" title=\"cookie-red\" onerror=\"this.style.display='none'\"  \/>\n\t<p>Cookie question? Cracker conundrum? We&rsquo;d love to hear from you. Contact McVitie&rsquo;s Canada Today.<\/p>\n\tStar Brands Canada<br \/>\n<a href=\"mailto:nam.caffairs@pladisglobal.com\">nam.caffairs@pladisglobal.com<\/a>\n\t\t<link itemprop=\"url\" href=\"https:\/\/www.mcvitiescanada.com\"\/>\n\t\t<a itemprop=\"sameAs\" href=\"https:\/\/www.facebook.com\/McVities-Canada-1488975834458639\/\" target=\"_blank\" title=\"\" aria-label=\"\" role=\"button\" rel=\"noopener\">\n\t\t\t\t\t<\/a>\n\t\t<link itemprop=\"url\" href=\"https:\/\/www.mcvitiescanada.com\"\/>\n\t\t<a itemprop=\"sameAs\" href=\"https:\/\/www.pinterest.com\/mcvitiescanada\/\" target=\"_blank\" title=\"\" aria-label=\"\" role=\"button\" rel=\"noopener\">\n\t\t\t\t\t<\/a>\n\t\t<link itemprop=\"url\" href=\"https:\/\/www.mcvitiescanada.com\"\/>\n\t\t<a itemprop=\"sameAs\" href=\"https:\/\/www.instagram.com\/mcvitiescanada\/\" target=\"_blank\" title=\"\" aria-label=\"\" role=\"button\" rel=\"noopener\">\n\t\t\t\t\t<\/a>\n\t\t<link itemprop=\"url\" href=\"https:\/\/www.mcvitiescanada.com\"\/>\n\t\t<a itemprop=\"sameAs\" href=\"https:\/\/www.youtube.com\/channel\/UC8lVUvrQSCOHkQ_mNpJh-Sw\" target=\"_blank\" title=\"\" aria-label=\"\" role=\"button\" rel=\"noopener\">\n\t\t\t\t\t<\/a>\n\n","protected":false},"excerpt":{"rendered":"<p>Politique de confidentialit\u00e9 Des questions? Envoyez-nous un courriel POLITIQUE DE CONFIDENTIALIT\u00c9 Ce site web appartient et est exploit\u00e9 par United Biscuits. Nous avons \u00e0 c\u0153ur le respect de la vie priv\u00e9e de nos visiteurs et mettons tout en \u0153uvre pour assurer la protection de vos renseignements personnels. N&rsquo;h\u00e9sitez pas \u00e0 communiquer avec nous pour toutes&hellip;<\/p>\n","protected":false},"author":1,"featured_media":0,"parent":0,"menu_order":0,"comment_status":"closed","ping_status":"closed","template":"","meta":{"footnotes":""},"class_list":["post-616","page","type-page","status-publish","hentry"],"acf":[],"_links":{"self":[{"href":"https:\/\/www.mcvitiescanada.com\/fr\/wp-json\/wp\/v2\/pages\/616","targetHints":{"allow":["GET"]}}],"collection":[{"href":"https:\/\/www.mcvitiescanada.com\/fr\/wp-json\/wp\/v2\/pages"}],"about":[{"href":"https:\/\/www.mcvitiescanada.com\/fr\/wp-json\/wp\/v2\/types\/page"}],"author":[{"embeddable":true,"href":"https:\/\/www.mcvitiescanada.com\/fr\/wp-json\/wp\/v2\/users\/1"}],"replies":[{"embeddable":true,"href":"https:\/\/www.mcvitiescanada.com\/fr\/wp-json\/wp\/v2\/comments?post=616"}],"version-history":[{"count":0,"href":"https:\/\/www.mcvitiescanada.com\/fr\/wp-json\/wp\/v2\/pages\/616\/revisions"}],"wp:attachment":[{"href":"https:\/\/www.mcvitiescanada.com\/fr\/wp-json\/wp\/v2\/media?parent=616"}],"curies":[{"name":"wp","href":"https:\/\/api.w.org\/{rel}","templated":true}]}}