{"id":591,"date":"2021-04-21T05:43:31","date_gmt":"2021-04-21T05:43:31","guid":{"rendered":"https:\/\/www.mcvitiescanada.com\/contest\/"},"modified":"2021-05-07T05:49:13","modified_gmt":"2021-05-07T05:49:13","slug":"contest","status":"publish","type":"page","link":"https:\/\/www.mcvitiescanada.com\/fr\/contest\/","title":{"rendered":"Promotion"},"content":{"rendered":"\n\n\t\t\t\t\t\t\t\t\t\t<img decoding=\"async\" src=\"https:\/\/www.mcvitiescanada.com\/wp-content\/uploads\/2021\/04\/mcvities-get-creative-fr-scaled.jpg\" alt=\"mcvities-get-creative-fr\" itemprop=\"image\"  \/>\n\t\t\t\t<img loading=\"lazy\" decoding=\"async\" src=\"https:\/\/www.mcvitiescanada.com\/wp-content\/uploads\/2021\/04\/mcvities-products-fr.jpg\" alt=\"mcvities-products-fr\" itemprop=\"image\" height=\"648\" width=\"600\" title=\"mcvities-products-fr\" onerror=\"this.style.display='none'\"  \/>\n\t<p>Vas-y, fais preuve d&rsquo;originalit\u00e9 !<\/p>\nQu&rsquo;ils soient recouverts de chocolat ou en version originale, les biscuits McVitie&rsquo;s et HobNobs repr\u00e9sentent la collation id\u00e9ale.<br \/>\n\u00c7a, vous le saviez d\u00e9j\u00e0.\n<p>Voici un fait que vous ignoriez : nous avons lanc\u00e9 quelques-unes de nos d\u00e9licieuses cr\u00e9ations (7 pour \u00eatre pr\u00e9cis) dans certains magasins pr\u00e8s de chez vous.<\/p>\n<p>Lors de votre prochaine s\u00e9ance de magasinage pour des id\u00e9es-repas savoureuses, pensez \u00e0 trouver les recettes sur nos pr\u00e9sentoirs en magasin. Elles sont gratuites! Collectionnez les 7 recettes ou consultez nos recettes en ligne pour y retrouver une vaste gamme d&rsquo;entr\u00e9es savoureuses, de succulentes collations et des desserts d\u00e9cadents.<\/p>\n<p>Suivez-nous aussi sur notre page Facebook en cliquant sur le bouton \u00abJ&rsquo;aime\u00bb. Nous y joindrons quelques magnifiques vid\u00e9os mettant en vedette nos succulentes recettes. Cela devrait \u00e9veiller le chef cr\u00e9atif en vous.<\/p>\n\t\t\t<a href=\"\/fr\/our-recipes\/\" target=\"_self\" role=\"button\" rel=\"noopener\">\n\t\t\t\t\t\t\taller \u00e0 recettes\n\t\t\t\t\t<\/a>\n<h2>\n\t\tContactez-nous\n\t<\/h2>\n\t\t\t\t<img loading=\"lazy\" decoding=\"async\" src=\"https:\/\/www.mcvitiescanada.com\/wp-content\/uploads\/2021\/04\/cookie-red.png\" alt=\"cookie-red\" itemprop=\"image\" height=\"62\" width=\"61\" title=\"cookie-red\" onerror=\"this.style.display='none'\"  \/>\n\t<p>Des questions au sujet des biscuits ou craquelins? Vos commentaires sont les bienvenus. Contactez United Biscuits d\u00e8s aujourd&rsquo;hui.<\/p>\n\tStar Brands Canada<br \/>\n<a href=\"mailto:nam.caffairs@pladisglobal.com\">nam.caffairs@pladisglobal.com<\/a>\n\t\t<link itemprop=\"url\" href=\"https:\/\/www.mcvitiescanada.com\"\/>\n\t\t<a itemprop=\"sameAs\" href=\"https:\/\/www.facebook.com\/McVities-Canada-1488975834458639\/\" target=\"_blank\" title=\"\" aria-label=\"\" role=\"button\" rel=\"noopener\">\n\t\t\t\t\t<\/a>\n\t\t<link itemprop=\"url\" href=\"https:\/\/www.mcvitiescanada.com\"\/>\n\t\t<a itemprop=\"sameAs\" href=\"https:\/\/www.pinterest.com\/mcvitiescanada\/\" target=\"_blank\" title=\"\" aria-label=\"\" role=\"button\" rel=\"noopener\">\n\t\t\t\t\t<\/a>\n\t\t<link itemprop=\"url\" href=\"https:\/\/www.mcvitiescanada.com\"\/>\n\t\t<a itemprop=\"sameAs\" href=\"https:\/\/www.instagram.com\/mcvitiescanada\/\" target=\"_blank\" title=\"\" aria-label=\"\" role=\"button\" rel=\"noopener\">\n\t\t\t\t\t<\/a>\n\t\t<link itemprop=\"url\" href=\"https:\/\/www.mcvitiescanada.com\"\/>\n\t\t<a itemprop=\"sameAs\" href=\"https:\/\/www.youtube.com\/channel\/UC8lVUvrQSCOHkQ_mNpJh-Sw\" target=\"_blank\" title=\"\" aria-label=\"\" role=\"button\" rel=\"noopener\">\n\t\t\t\t\t<\/a>\n\n","protected":false},"excerpt":{"rendered":"<p>Vas-y, fais preuve d&rsquo;originalit\u00e9 ! Qu&rsquo;ils soient recouverts de chocolat ou en version originale, les biscuits McVitie&rsquo;s et HobNobs repr\u00e9sentent la collation id\u00e9ale. \u00c7a, vous le saviez d\u00e9j\u00e0. Voici un fait que vous ignoriez : nous avons lanc\u00e9 quelques-unes de nos d\u00e9licieuses cr\u00e9ations (7 pour \u00eatre pr\u00e9cis) dans certains magasins pr\u00e8s de chez vous. Lors&hellip;<\/p>\n","protected":false},"author":1,"featured_media":0,"parent":0,"menu_order":0,"comment_status":"closed","ping_status":"closed","template":"","meta":{"footnotes":""},"class_list":["post-591","page","type-page","status-publish","hentry"],"acf":[],"_links":{"self":[{"href":"https:\/\/www.mcvitiescanada.com\/fr\/wp-json\/wp\/v2\/pages\/591","targetHints":{"allow":["GET"]}}],"collection":[{"href":"https:\/\/www.mcvitiescanada.com\/fr\/wp-json\/wp\/v2\/pages"}],"about":[{"href":"https:\/\/www.mcvitiescanada.com\/fr\/wp-json\/wp\/v2\/types\/page"}],"author":[{"embeddable":true,"href":"https:\/\/www.mcvitiescanada.com\/fr\/wp-json\/wp\/v2\/users\/1"}],"replies":[{"embeddable":true,"href":"https:\/\/www.mcvitiescanada.com\/fr\/wp-json\/wp\/v2\/comments?post=591"}],"version-history":[{"count":0,"href":"https:\/\/www.mcvitiescanada.com\/fr\/wp-json\/wp\/v2\/pages\/591\/revisions"}],"wp:attachment":[{"href":"https:\/\/www.mcvitiescanada.com\/fr\/wp-json\/wp\/v2\/media?parent=591"}],"curies":[{"name":"wp","href":"https:\/\/api.w.org\/{rel}","templated":true}]}}